{"id":24220,"date":"2025-09-24T05:58:50","date_gmt":"2025-09-24T05:58:50","guid":{"rendered":"https:\/\/califood.vn\/?post_type=product&#038;p=24220"},"modified":"2025-09-24T05:58:50","modified_gmt":"2025-09-24T05:58:50","slug":"loi-co-vai-bo-my-califood","status":"publish","type":"product","link":"https:\/\/www.califood.vn\/index.php\/product\/loi-co-vai-bo-my-califood\/","title":{"rendered":"L\u00d5I C\u1ed4 VAI&hellip;"},"content":{"rendered":"","protected":false},"excerpt":{"rendered":"<p><span data-huuid=\"17749102362296320492\">L\u00f5i c\u1ed5 vai b\u00f2 M\u1ef9\u00a0<span class=\"M5tQyf\">(<a class=\"DTlJ6d\" href=\"https:\/\/www.google.com\/search?cs=0&amp;sca_esv=7c6c3e386d10efbb&amp;sxsrf=AE3TifP6LQbI5mPMK59tywriQsgFTGXP-Q%3A1758693425217&amp;q=Top+Blade&amp;sa=X&amp;ved=2ahUKEwje9OnG2_CPAxWxp1YBHeGsGjwQxccNegQIAxAB&amp;mstk=AUtExfCGq5Y-t-Iipa9RLr8uHmq9Xe3co2joR-_-txKNOoA_1VkvDILPavjTgL0H5Yh63vd7hbDXZ7hkIYcm1uZcbM1WzLSh9Jfp6gOQNENDF8v32F8H9_dvXnO0oi3i063O-HZnfs25x6UjP95glGetOLeI3R3EzAKAG6rD5pdQ_xos_nY&amp;csui=3\" target=\"_blank\" rel=\"noopener\" data-hveid=\"CAMQAQ\">Top Blade<\/a>)<\/span>\u00a0<mark class=\"QVRyCf\">l\u00e0 ph\u1ea7n th\u1ecbt m\u1ec1m, ng\u1ecdt, c\u00f3 m\u1ee1 v\u00e0 g\u00e2n xen k\u1ebd, \u0111\u01b0\u1ee3c c\u1eaft t\u1eeb v\u00f9ng giao gi\u1eefa vai v\u00e0 c\u1ed5 c\u1ee7a b\u00f2 M\u1ef9<\/mark>, ph\u00f9 h\u1ee3p v\u1edbi c\u00e1c m\u00f3n \u0103n nh\u01b0\u00a0<span class=\"M5tQyf\"><a class=\"DTlJ6d\" href=\"https:\/\/www.google.com\/search?cs=0&amp;sca_esv=7c6c3e386d10efbb&amp;sxsrf=AE3TifP6LQbI5mPMK59tywriQsgFTGXP-Q%3A1758693425217&amp;q=b%C3%ADt+t%E1%BA%BFt&amp;sa=X&amp;ved=2ahUKEwje9OnG2_CPAxWxp1YBHeGsGjwQxccNegQIAxAD&amp;mstk=AUtExfCGq5Y-t-Iipa9RLr8uHmq9Xe3co2joR-_-txKNOoA_1VkvDILPavjTgL0H5Yh63vd7hbDXZ7hkIYcm1uZcbM1WzLSh9Jfp6gOQNENDF8v32F8H9_dvXnO0oi3i063O-HZnfs25x6UjP95glGetOLeI3R3EzAKAG6rD5pdQ_xos_nY&amp;csui=3\" target=\"_blank\" rel=\"noopener\" data-hveid=\"CAMQAw\">b\u00edt t\u1ebft<\/a>,<\/span>\u00a0l\u1ea9u, n\u01b0\u1edbng ho\u1eb7c x\u00e0o.\u00a0<\/span><span data-huuid=\"17749102362296322639\">Th\u1ecbt n\u00e0y c\u00f3 h\u01b0\u01a1ng v\u1ecb \u0111\u1eb7c tr\u01b0ng c\u1ee7a b\u00f2 \u0103n ng\u0169 c\u1ed1c theo ti\u00eau chu\u1ea9n USDA, b\u1ed5 sung nhi\u1ec1u dinh d\u01b0\u1ee1ng nh\u01b0 protein, s\u1eaft, k\u1ebdm v\u00e0 vitamin B6.<span class=\"pjBG2e\" data-cid=\"55291f9f-8506-4f1a-ab6b-0fb088fb9542\"><span class=\"UV3uM\">\u00a0<\/span><\/span><\/span><\/p>\n","protected":false},"featured_media":0,"template":"","meta":{"_monsterinsights_skip_tracking":false,"_monsterinsights_sitenote_active":false,"_monsterinsights_sitenote_note":"","_monsterinsights_sitenote_category":0},"product_cat":[192],"product_tag":[],"class_list":["post-24220","product","type-product","status-publish","hentry","product_cat-thit"],"_links":{"self":[{"href":"https:\/\/www.califood.vn\/index.php\/wp-json\/wp\/v2\/product\/24220","targetHints":{"allow":["GET"]}}],"collection":[{"href":"https:\/\/www.califood.vn\/index.php\/wp-json\/wp\/v2\/product"}],"about":[{"href":"https:\/\/www.califood.vn\/index.php\/wp-json\/wp\/v2\/types\/product"}],"wp:attachment":[{"href":"https:\/\/www.califood.vn\/index.php\/wp-json\/wp\/v2\/media?parent=24220"}],"wp:term":[{"taxonomy":"product_cat","embeddable":true,"href":"https:\/\/www.califood.vn\/index.php\/wp-json\/wp\/v2\/product_cat?post=24220"},{"taxonomy":"product_tag","embeddable":true,"href":"https:\/\/www.califood.vn\/index.php\/wp-json\/wp\/v2\/product_tag?post=24220"}],"curies":[{"name":"wp","href":"https:\/\/api.w.org\/{rel}","templated":true}]}}