{"id":24210,"date":"2025-09-11T09:27:41","date_gmt":"2025-09-11T09:27:41","guid":{"rendered":"https:\/\/califood.vn\/?post_type=product&#038;p=24210"},"modified":"2025-09-23T06:51:43","modified_gmt":"2025-09-23T06:51:43","slug":"thit-bo-aukobe","status":"publish","type":"product","link":"https:\/\/www.califood.vn\/index.php\/product\/thit-bo-aukobe\/","title":{"rendered":"TH\u1ecaT B\u00d2 AUKOBE"},"content":{"rendered":"","protected":false},"excerpt":{"rendered":"<p data-start=\"134\" data-end=\"451\"><strong data-start=\"134\" data-end=\"172\">Th\u1ecbt b\u00f2 Aukobe \u2013 nh\u1eadp kh\u1ea9u cao c\u1ea5p<\/strong><br data-start=\"172\" data-end=\"175\" \/>Th\u1ecbt b\u00f2 Aukobe \u0111\u01b0\u1ee3c ch\u0103n nu\u00f4i theo ti\u00eau chu\u1ea9n qu\u1ed1c t\u1ebf, n\u1ed5i b\u1eadt v\u1edbi th\u1edb th\u1ecbt s\u0103n ch\u1eafc, v\u00e2n m\u1ee1 v\u1eeba ph\u1ea3i, mang l\u1ea1i h\u01b0\u01a1ng v\u1ecb \u0111\u1eadm \u0111\u00e0 v\u00e0 gi\u00e0u dinh d\u01b0\u1ee1ng. \u0110\u00e2y l\u00e0 l\u1ef1a ch\u1ecdn l\u00fd t\u01b0\u1edfng cho nh\u1eefng b\u1eefa \u0103n gia \u0111\u00ecnh c\u0169ng nh\u01b0 c\u00e1c m\u00f3n \u0103n cao c\u1ea5p, c\u00e2n b\u1eb1ng gi\u1eefa v\u1ecb ng\u1ecdt t\u1ef1 nhi\u00ean v\u00e0 \u0111\u1ed9 m\u1ec1m m\u1ecdng.<\/p>\n<p data-start=\"453\" data-end=\"477\"><strong data-start=\"453\" data-end=\"475\">H\u01b0\u1edbng d\u1eabn s\u1eed d\u1ee5ng:<\/strong><\/p>\n<ul data-start=\"478\" data-end=\"579\">\n<li data-start=\"478\" data-end=\"525\">\n<p data-start=\"480\" data-end=\"525\">Th\u00edch h\u1ee3p cho n\u01b0\u1edbng, l\u1ea9u, steak, x\u00e0o nhanh.<\/p>\n<\/li>\n<li data-start=\"526\" data-end=\"579\">\n<p data-start=\"528\" data-end=\"579\">Kh\u00f4ng n\u00ean n\u1ea5u qu\u00e1 ch\u00edn \u0111\u1ec3 gi\u1eef h\u01b0\u01a1ng v\u1ecb \u0111\u1eb7c tr\u01b0ng.<\/p>\n<\/li>\n<\/ul>\n<p data-start=\"581\" data-end=\"600\"><strong data-start=\"581\" data-end=\"598\">C\u00e1ch r\u00e3 \u0111\u00f4ng:<\/strong><\/p>\n<ul data-start=\"601\" data-end=\"752\">\n<li data-start=\"601\" data-end=\"645\">\n<p data-start=\"603\" data-end=\"645\">R\u00e3 \u0111\u00f4ng trong t\u1ee7 m\u00e1t t\u1eeb <strong data-start=\"627\" data-end=\"642\">6 \u2013 8 ti\u1ebfng<\/strong>.<\/p>\n<\/li>\n<li data-start=\"646\" data-end=\"693\">\n<p data-start=\"648\" data-end=\"693\">R\u00e3 \u0111\u00f4ng \u1edf nhi\u1ec7t \u0111\u1ed9 th\u01b0\u1eddng <strong data-start=\"674\" data-end=\"690\">30 \u2013 45 ph\u00fat<\/strong>.<\/p>\n<\/li>\n<li data-start=\"694\" data-end=\"752\">\n<p data-start=\"696\" data-end=\"752\">Gi\u1eef nguy\u00ean t\u00fai nilon k\u00edn, ng\u00e2m n\u01b0\u1edbc trong <strong data-start=\"738\" data-end=\"749\">10 ph\u00fat<\/strong>.<\/p>\n<\/li>\n<\/ul>\n","protected":false},"featured_media":0,"template":"","meta":{"_monsterinsights_skip_tracking":false,"_monsterinsights_sitenote_active":false,"_monsterinsights_sitenote_note":"","_monsterinsights_sitenote_category":0},"product_cat":[192],"product_tag":[203],"class_list":["post-24210","product","type-product","status-publish","hentry","product_cat-thit","product_tag-thit-bo-nhap-khau"],"_links":{"self":[{"href":"https:\/\/www.califood.vn\/index.php\/wp-json\/wp\/v2\/product\/24210","targetHints":{"allow":["GET"]}}],"collection":[{"href":"https:\/\/www.califood.vn\/index.php\/wp-json\/wp\/v2\/product"}],"about":[{"href":"https:\/\/www.califood.vn\/index.php\/wp-json\/wp\/v2\/types\/product"}],"wp:attachment":[{"href":"https:\/\/www.califood.vn\/index.php\/wp-json\/wp\/v2\/media?parent=24210"}],"wp:term":[{"taxonomy":"product_cat","embeddable":true,"href":"https:\/\/www.califood.vn\/index.php\/wp-json\/wp\/v2\/product_cat?post=24210"},{"taxonomy":"product_tag","embeddable":true,"href":"https:\/\/www.califood.vn\/index.php\/wp-json\/wp\/v2\/product_tag?post=24210"}],"curies":[{"name":"wp","href":"https:\/\/api.w.org\/{rel}","templated":true}]}}