{"id":23601,"date":"2021-11-29T07:39:07","date_gmt":"2021-11-29T07:39:07","guid":{"rendered":"http:\/\/califood.everflowdemo.com\/?post_type=product&#038;p=23601"},"modified":"2025-09-11T09:05:47","modified_gmt":"2025-09-11T09:05:47","slug":"thit-bo-fuji-bit-tet-loi-vai","status":"publish","type":"product","link":"https:\/\/www.califood.vn\/index.php\/product\/thit-bo-fuji-bit-tet-loi-vai\/","title":{"rendered":"TH\u1ecaT B\u00d2 FUJI"},"content":{"rendered":"<p data-start=\"95\" data-end=\"522\"><strong data-start=\"95\" data-end=\"132\">Th\u1ecbt b\u00f2 Fuji \u2013 nh\u1eadp kh\u1ea9u Nh\u1eadt B\u1ea3n<\/strong><br data-start=\"132\" data-end=\"135\" \/>Th\u1ecbt b\u00f2 Fuji l\u00e0 d\u00f2ng th\u1ecbt cao c\u1ea5p \u0111\u01b0\u1ee3c ch\u1ecdn l\u1ecdc t\u1eeb nh\u1eefng gi\u1ed1ng b\u00f2 nu\u00f4i t\u1ea1i Nh\u1eadt B\u1ea3n theo quy tr\u00ecnh nghi\u00eam ng\u1eb7t. Th\u1ecbt n\u1ed5i b\u1eadt v\u1edbi th\u1edb th\u1ecbt m\u1ec1m m\u1ecbn, v\u00e2n m\u1ee1 ph\u00e2n b\u1ed1 \u0111\u1ec1u t\u1ea1o n\u00ean \u0111\u1ed9 b\u00e9o ng\u1eady nh\u01b0ng kh\u00f4ng ng\u00e1n, v\u1ecb ng\u1ecdt t\u1ef1 nhi\u00ean v\u00e0 h\u01b0\u01a1ng th\u01a1m \u0111\u1eb7c tr\u01b0ng. \u0110\u00e2y l\u00e0 l\u1ef1a ch\u1ecdn ho\u00e0n h\u1ea3o cho nh\u1eefng th\u1ef1c kh\u00e1ch y\u00eau th\u00edch \u1ea9m th\u1ef1c tinh t\u1ebf, v\u1eeba gi\u00e0u dinh d\u01b0\u1ee1ng v\u1eeba mang l\u1ea1i tr\u1ea3i nghi\u1ec7m th\u01b0\u1edfng th\u1ee9c \u0111\u1eb3ng c\u1ea5p.<\/p>\n<p data-start=\"524\" data-end=\"548\"><strong data-start=\"524\" data-end=\"546\">H\u01b0\u1edbng d\u1eabn s\u1eed d\u1ee5ng:<\/strong><\/p>\n<ul data-start=\"549\" data-end=\"642\">\n<li data-start=\"549\" data-end=\"585\">\n<p data-start=\"551\" data-end=\"585\">Th\u00edch h\u1ee3p cho n\u01b0\u1edbng, l\u1ea9u, steak.<\/p>\n<\/li>\n<li data-start=\"586\" data-end=\"642\">\n<p data-start=\"588\" data-end=\"642\">Kh\u00f4ng n\u00ean n\u1ea5u qu\u00e1 ch\u00edn \u0111\u1ec3 gi\u1eef v\u1ecb m\u1ec1m ng\u1ecdt \u0111\u1eb7c tr\u01b0ng.<\/p>\n<\/li>\n<\/ul>\n<p data-start=\"644\" data-end=\"663\"><strong data-start=\"644\" data-end=\"661\">C\u00e1ch r\u00e3 \u0111\u00f4ng:<\/strong><\/p>\n<ul data-start=\"664\" data-end=\"815\">\n<li data-start=\"664\" data-end=\"708\">\n<p data-start=\"666\" data-end=\"708\">R\u00e3 \u0111\u00f4ng trong t\u1ee7 m\u00e1t t\u1eeb <strong data-start=\"690\" data-end=\"705\">6 \u2013 8 ti\u1ebfng<\/strong>.<\/p>\n<\/li>\n<li data-start=\"709\" data-end=\"756\">\n<p data-start=\"711\" data-end=\"756\">R\u00e3 \u0111\u00f4ng \u1edf nhi\u1ec7t \u0111\u1ed9 th\u01b0\u1eddng <strong data-start=\"737\" data-end=\"753\">30 \u2013 45 ph\u00fat<\/strong>.<\/p>\n<\/li>\n<li data-start=\"757\" data-end=\"815\">\n<p data-start=\"759\" data-end=\"815\">Gi\u1eef nguy\u00ean t\u00fai nilon k\u00edn, ng\u00e2m n\u01b0\u1edbc trong <strong data-start=\"801\" data-end=\"812\">10 ph\u00fat<\/strong>.<\/p>\n<\/li>\n<\/ul>\n","protected":false},"excerpt":{"rendered":"<p>Th\u1ecbt b\u00f2 Fuji \u2013 nh\u1eadp kh\u1ea9u Nh\u1eadt B\u1ea3nTh\u1ecbt b\u00f2 Fuji l\u00e0 d\u00f2ng th\u1ecbt cao c\u1ea5p \u0111\u01b0\u1ee3c ch\u1ecdn l\u1ecdc t\u1eeb nh\u1eefng gi\u1ed1ng b\u00f2 nu\u00f4i t\u1ea1i Nh\u1eadt B\u1ea3n theo quy tr\u00ecnh nghi\u00eam ng\u1eb7t. Th\u1ecbt n\u1ed5i b\u1eadt v\u1edbi th\u1edb th\u1ecbt m\u1ec1m m\u1ecbn, v\u00e2n m\u1ee1 ph\u00e2n b\u1ed1 \u0111\u1ec1u t\u1ea1o n\u00ean \u0111\u1ed9 b\u00e9o ng\u1eady nh\u01b0ng kh\u00f4ng ng\u00e1n, v\u1ecb ng\u1ecdt t\u1ef1 [&hellip;]<\/p>\n","protected":false},"featured_media":23611,"template":"","meta":{"_monsterinsights_skip_tracking":false,"_monsterinsights_sitenote_active":false,"_monsterinsights_sitenote_note":"","_monsterinsights_sitenote_category":0},"product_cat":[192],"product_tag":[203],"class_list":["post-23601","product","type-product","status-publish","has-post-thumbnail","hentry","product_cat-thit","product_tag-thit-bo-nhap-khau"],"_links":{"self":[{"href":"https:\/\/www.califood.vn\/index.php\/wp-json\/wp\/v2\/product\/23601","targetHints":{"allow":["GET"]}}],"collection":[{"href":"https:\/\/www.califood.vn\/index.php\/wp-json\/wp\/v2\/product"}],"about":[{"href":"https:\/\/www.califood.vn\/index.php\/wp-json\/wp\/v2\/types\/product"}],"wp:featuredmedia":[{"embeddable":true,"href":"https:\/\/www.califood.vn\/index.php\/wp-json\/wp\/v2\/media\/23611"}],"wp:attachment":[{"href":"https:\/\/www.califood.vn\/index.php\/wp-json\/wp\/v2\/media?parent=23601"}],"wp:term":[{"taxonomy":"product_cat","embeddable":true,"href":"https:\/\/www.califood.vn\/index.php\/wp-json\/wp\/v2\/product_cat?post=23601"},{"taxonomy":"product_tag","embeddable":true,"href":"https:\/\/www.califood.vn\/index.php\/wp-json\/wp\/v2\/product_tag?post=23601"}],"curies":[{"name":"wp","href":"https:\/\/api.w.org\/{rel}","templated":true}]}}